{"id":1006,"date":"2022-07-06T09:24:31","date_gmt":"2022-07-06T07:24:31","guid":{"rendered":"https:\/\/www.isoflanges.de\/?page_id=1006"},"modified":"2026-01-27T12:12:35","modified_gmt":"2026-01-27T11:12:35","slug":"contact","status":"publish","type":"page","link":"https:\/\/www.isoflanges.de\/en\/contact\/","title":{"rendered":"Contact"},"content":{"rendered":"\t\t<div data-elementor-type=\"wp-page\" data-elementor-id=\"1006\" class=\"elementor elementor-1006 elementor-55\" data-elementor-post-type=\"page\">\n\t\t\t\t<div class=\"elementor-element elementor-element-1df8665 e-con-full e-flex e-con e-parent\" data-id=\"1df8665\" data-element_type=\"container\" data-e-type=\"container\">\n\t\t\t\t<div class=\"elementor-element elementor-element-420fa1b elementor-widget elementor-widget-image\" data-id=\"420fa1b\" data-element_type=\"widget\" data-e-type=\"widget\" data-widget_type=\"image.default\">\n\t\t\t\t<div class=\"elementor-widget-container\">\n\t\t\t\t\t\t\t\t\t\t\t\t\t\t\t<img fetchpriority=\"high\" decoding=\"async\" width=\"1920\" height=\"300\" src=\"https:\/\/www.isoflanges.de\/wp-content\/uploads\/2024\/01\/kontakt_head_300.jpg\" class=\"attachment-full size-full wp-image-3546\" alt=\"Wei\u00dfes Geb\u00e4ude mit blauer Verkleidung, gro\u00dfem ISO-Flanschschild und einem geschlossenen Rolltor auf der rechten Seite.\" srcset=\"https:\/\/www.isoflanges.de\/wp-content\/uploads\/2024\/01\/kontakt_head_300.jpg 1920w, https:\/\/www.isoflanges.de\/wp-content\/uploads\/2024\/01\/kontakt_head_300-300x47.jpg 300w, https:\/\/www.isoflanges.de\/wp-content\/uploads\/2024\/01\/kontakt_head_300-1024x160.jpg 1024w, https:\/\/www.isoflanges.de\/wp-content\/uploads\/2024\/01\/kontakt_head_300-768x120.jpg 768w, https:\/\/www.isoflanges.de\/wp-content\/uploads\/2024\/01\/kontakt_head_300-1536x240.jpg 1536w, https:\/\/www.isoflanges.de\/wp-content\/uploads\/2024\/01\/kontakt_head_300-1200x188.jpg 1200w\" sizes=\"(max-width: 1920px) 100vw, 1920px\" \/>\t\t\t\t\t\t\t\t\t\t\t\t\t\t\t<\/div>\n\t\t\t\t<\/div>\n\t\t\t\t<\/div>\n\t\t\t\t<section class=\"elementor-section elementor-top-section elementor-element elementor-element-10f26fd elementor-section-boxed elementor-section-height-default elementor-section-height-default\" data-id=\"10f26fd\" data-element_type=\"section\" data-e-type=\"section\">\n\t\t\t\t\t\t<div class=\"elementor-container elementor-column-gap-default\">\n\t\t\t\t\t<div class=\"elementor-column elementor-col-100 elementor-top-column elementor-element elementor-element-dd558fa\" data-id=\"dd558fa\" data-element_type=\"column\" data-e-type=\"column\">\n\t\t\t<div class=\"elementor-widget-wrap elementor-element-populated\">\n\t\t\t\t\t\t<div class=\"elementor-element elementor-element-9e9ff2d elementor-widget elementor-widget-heading\" data-id=\"9e9ff2d\" data-element_type=\"widget\" data-e-type=\"widget\" data-widget_type=\"heading.default\">\n\t\t\t\t<div class=\"elementor-widget-container\">\n\t\t\t\t\t<h1 class=\"elementor-heading-title elementor-size-default\">DO YOU HAVE QUESTIONS ABOUT OUR PRODUCTS?\nPlease feel free to contact us!<\/h1>\t\t\t\t<\/div>\n\t\t\t\t<\/div>\n\t\t\t\t\t<\/div>\n\t\t<\/div>\n\t\t\t\t\t<\/div>\n\t\t<\/section>\n\t\t\t\t<section class=\"elementor-section elementor-top-section elementor-element elementor-element-aef4be0 elementor-section-boxed elementor-section-height-default elementor-section-height-default\" data-id=\"aef4be0\" data-element_type=\"section\" data-e-type=\"section\">\n\t\t\t\t\t\t<div class=\"elementor-container elementor-column-gap-default\">\n\t\t\t\t\t<div class=\"elementor-column elementor-col-100 elementor-top-column elementor-element elementor-element-6814229\" data-id=\"6814229\" data-element_type=\"column\" data-e-type=\"column\">\n\t\t\t<div class=\"elementor-widget-wrap elementor-element-populated\">\n\t\t\t\t\t\t<div class=\"elementor-element elementor-element-d721296 elementor-widget elementor-widget-text-editor\" data-id=\"d721296\" data-element_type=\"widget\" data-e-type=\"widget\" data-widget_type=\"text-editor.default\">\n\t\t\t\t<div class=\"elementor-widget-container\">\n\t\t\t\t\t\t\t\t\t<h2>Sales Backoffice<\/h2>\t\t\t\t\t\t\t\t<\/div>\n\t\t\t\t<\/div>\n\t\t\t\t\t<\/div>\n\t\t<\/div>\n\t\t\t\t\t<\/div>\n\t\t<\/section>\n\t\t<div class=\"elementor-element elementor-element-402a9698 e-flex e-con-boxed e-con e-parent\" data-id=\"402a9698\" data-element_type=\"container\" data-e-type=\"container\">\n\t\t\t\t\t<div class=\"e-con-inner\">\n\t\t<div class=\"elementor-element elementor-element-25677b58 e-con-full e-flex e-con e-child\" data-id=\"25677b58\" data-element_type=\"container\" data-e-type=\"container\">\n\t\t\t\t<div class=\"elementor-element elementor-element-46e33206 elementor-widget elementor-widget-image\" data-id=\"46e33206\" data-element_type=\"widget\" data-e-type=\"widget\" data-widget_type=\"image.default\">\n\t\t\t\t<div class=\"elementor-widget-container\">\n\t\t\t\t\t\t\t\t\t\t\t\t\t\t\t<img decoding=\"async\" width=\"150\" height=\"150\" src=\"https:\/\/www.isoflanges.de\/wp-content\/uploads\/2026\/01\/ISOflanges-Alexander_Leunig_Vertrieb-Marketing-150x150.webp\" class=\"attachment-thumbnail size-thumbnail wp-image-4702\" alt=\"A man wearing glasses and a blue jacket.\" srcset=\"https:\/\/www.isoflanges.de\/wp-content\/uploads\/2026\/01\/ISOflanges-Alexander_Leunig_Vertrieb-Marketing-150x150.webp 150w, https:\/\/www.isoflanges.de\/wp-content\/uploads\/2026\/01\/ISOflanges-Alexander_Leunig_Vertrieb-Marketing-300x300.webp 300w, https:\/\/www.isoflanges.de\/wp-content\/uploads\/2026\/01\/ISOflanges-Alexander_Leunig_Vertrieb-Marketing-768x768.webp 768w, https:\/\/www.isoflanges.de\/wp-content\/uploads\/2026\/01\/ISOflanges-Alexander_Leunig_Vertrieb-Marketing.webp 800w\" sizes=\"(max-width: 150px) 100vw, 150px\" \/>\t\t\t\t\t\t\t\t\t\t\t\t\t\t\t<\/div>\n\t\t\t\t<\/div>\n\t\t\t\t<div class=\"elementor-element elementor-element-387449bd elementor-widget elementor-widget-text-editor\" data-id=\"387449bd\" data-element_type=\"widget\" data-e-type=\"widget\" data-widget_type=\"text-editor.default\">\n\t\t\t\t<div class=\"elementor-widget-container\">\n\t\t\t\t\t\t\t\t\t<p><strong>Alexander Leunig<\/strong><br \/>Inside Sales and Marketing<\/p><p>Phone <a href=\"tel:+4951439234911\">+49 5143 92349 &#8211; 11<\/a><br \/>Head Office <a href=\"tel:+495143923490\">+49 5143 92349 &#8211; 0<\/a><\/p><p><a href=\"mailto:a.leunig@isoflanges.de\">a.leunig@isoflanges.de<\/a><\/p>\t\t\t\t\t\t\t\t<\/div>\n\t\t\t\t<\/div>\n\t\t\t\t<\/div>\n\t\t<div class=\"elementor-element elementor-element-15090589 e-con-full e-flex e-con e-child\" data-id=\"15090589\" data-element_type=\"container\" data-e-type=\"container\">\n\t\t\t\t<div class=\"elementor-element elementor-element-6474d07d elementor-widget elementor-widget-text-editor\" data-id=\"6474d07d\" data-element_type=\"widget\" data-e-type=\"widget\" data-widget_type=\"text-editor.default\">\n\t\t\t\t<div class=\"elementor-widget-container\">\n\t\t\t\t\t\t\t\t\t<p><strong>ISOflanges GmbH<\/strong><br \/>Viehtrift 1<br \/>29308 Winsen<br \/>Germany<\/p><p>Phone <a href=\"tel:00495143923490\">+49 5143 92349 &#8211; 0<\/a><br \/>Fax +49 05143 92349 &#8211; 49<\/p><p><a href=\"mailto:info@isoflanges.de\">info@isoflanges.de<\/a><\/p>\t\t\t\t\t\t\t\t<\/div>\n\t\t\t\t<\/div>\n\t\t\t\t<\/div>\n\t\t\t\t\t<\/div>\n\t\t\t\t<\/div>\n\t\t\t\t<section class=\"elementor-section elementor-top-section elementor-element elementor-element-1cc583b elementor-section-boxed elementor-section-height-default elementor-section-height-default\" data-id=\"1cc583b\" data-element_type=\"section\" data-e-type=\"section\">\n\t\t\t\t\t\t<div class=\"elementor-container elementor-column-gap-default\">\n\t\t\t\t\t<div class=\"elementor-column elementor-col-100 elementor-top-column elementor-element elementor-element-b508bef\" data-id=\"b508bef\" data-element_type=\"column\" data-e-type=\"column\">\n\t\t\t<div class=\"elementor-widget-wrap elementor-element-populated\">\n\t\t\t\t\t\t<div class=\"elementor-element elementor-element-34b038c elementor-widget elementor-widget-text-editor\" data-id=\"34b038c\" data-element_type=\"widget\" data-e-type=\"widget\" data-widget_type=\"text-editor.default\">\n\t\t\t\t<div class=\"elementor-widget-container\">\n\t\t\t\t\t\t\t\t\t<h2>Sales Representatives<\/h2>\t\t\t\t\t\t\t\t<\/div>\n\t\t\t\t<\/div>\n\t\t\t\t\t<\/div>\n\t\t<\/div>\n\t\t\t\t\t<\/div>\n\t\t<\/section>\n\t\t<div class=\"elementor-element elementor-element-465a6410 e-flex e-con-boxed e-con e-parent\" data-id=\"465a6410\" data-element_type=\"container\" data-e-type=\"container\">\n\t\t\t\t\t<div class=\"e-con-inner\">\n\t\t<div class=\"elementor-element elementor-element-a63a99e e-con-full e-flex e-con e-child\" data-id=\"a63a99e\" data-element_type=\"container\" data-e-type=\"container\">\n\t\t\t\t<div class=\"elementor-element elementor-element-5b6567a3 elementor-widget elementor-widget-image\" data-id=\"5b6567a3\" data-element_type=\"widget\" data-e-type=\"widget\" data-widget_type=\"image.default\">\n\t\t\t\t<div class=\"elementor-widget-container\">\n\t\t\t\t\t\t\t\t\t\t\t\t\t\t\t<img decoding=\"async\" width=\"150\" height=\"150\" src=\"https:\/\/www.isoflanges.de\/wp-content\/uploads\/2026\/01\/ISOflanges-Roland_Satzinger_Aussendienst-SuedD-150x150.webp\" class=\"attachment-thumbnail size-thumbnail wp-image-4706\" alt=\"A smiling man with glasses and a light blue shirt stands in front of a blurred background.\" srcset=\"https:\/\/www.isoflanges.de\/wp-content\/uploads\/2026\/01\/ISOflanges-Roland_Satzinger_Aussendienst-SuedD-150x150.webp 150w, https:\/\/www.isoflanges.de\/wp-content\/uploads\/2026\/01\/ISOflanges-Roland_Satzinger_Aussendienst-SuedD-300x300.webp 300w, https:\/\/www.isoflanges.de\/wp-content\/uploads\/2026\/01\/ISOflanges-Roland_Satzinger_Aussendienst-SuedD-768x768.webp 768w, https:\/\/www.isoflanges.de\/wp-content\/uploads\/2026\/01\/ISOflanges-Roland_Satzinger_Aussendienst-SuedD.webp 800w\" sizes=\"(max-width: 150px) 100vw, 150px\" \/>\t\t\t\t\t\t\t\t\t\t\t\t\t\t\t<\/div>\n\t\t\t\t<\/div>\n\t\t\t\t<div class=\"elementor-element elementor-element-1e6e911b elementor-widget elementor-widget-text-editor\" data-id=\"1e6e911b\" data-element_type=\"widget\" data-e-type=\"widget\" data-widget_type=\"text-editor.default\">\n\t\t\t\t<div class=\"elementor-widget-container\">\n\t\t\t\t\t\t\t\t\t<p><strong>Roland Satzinger<\/strong><br \/>Region: Southern Germany<\/p><p>Phone <a href=\"tel:+491707020613\">+49 170 7020613<\/a><br \/><a href=\"mailto:r.satzinger@isoflanges.de\">r.satzinger@isoflanges.de<\/a><\/p><p>Responsible for the postcode areas: <br \/>55 \/ 6 \/ 7 \/ 8 \/ 9 (without 98, 99)<\/p>\t\t\t\t\t\t\t\t<\/div>\n\t\t\t\t<\/div>\n\t\t\t\t<\/div>\n\t\t<div class=\"elementor-element elementor-element-530e89fd e-con-full e-flex e-con e-child\" data-id=\"530e89fd\" data-element_type=\"container\" data-e-type=\"container\">\n\t\t\t\t<div class=\"elementor-element elementor-element-4b74fa65 elementor-widget elementor-widget-image\" data-id=\"4b74fa65\" data-element_type=\"widget\" data-e-type=\"widget\" data-widget_type=\"image.default\">\n\t\t\t\t<div class=\"elementor-widget-container\">\n\t\t\t\t\t\t\t\t\t\t\t\t\t\t\t<img loading=\"lazy\" decoding=\"async\" width=\"150\" height=\"150\" src=\"https:\/\/www.isoflanges.de\/wp-content\/uploads\/2026\/01\/ISOflanges-Kay_Knoebel_Aussendienst-OstD-150x150.webp\" class=\"attachment-thumbnail size-thumbnail wp-image-4704\" alt=\"Bald man in a dark blazer and light blue shirt, smiling at the camera on a blurred background.\" srcset=\"https:\/\/www.isoflanges.de\/wp-content\/uploads\/2026\/01\/ISOflanges-Kay_Knoebel_Aussendienst-OstD-150x150.webp 150w, https:\/\/www.isoflanges.de\/wp-content\/uploads\/2026\/01\/ISOflanges-Kay_Knoebel_Aussendienst-OstD-300x300.webp 300w, https:\/\/www.isoflanges.de\/wp-content\/uploads\/2026\/01\/ISOflanges-Kay_Knoebel_Aussendienst-OstD-768x768.webp 768w, https:\/\/www.isoflanges.de\/wp-content\/uploads\/2026\/01\/ISOflanges-Kay_Knoebel_Aussendienst-OstD.webp 800w\" sizes=\"(max-width: 150px) 100vw, 150px\" \/>\t\t\t\t\t\t\t\t\t\t\t\t\t\t\t<\/div>\n\t\t\t\t<\/div>\n\t\t\t\t<div class=\"elementor-element elementor-element-7c47e1f2 elementor-widget elementor-widget-text-editor\" data-id=\"7c47e1f2\" data-element_type=\"widget\" data-e-type=\"widget\" data-widget_type=\"text-editor.default\">\n\t\t\t\t<div class=\"elementor-widget-container\">\n\t\t\t\t\t\t\t\t\t<p><strong>Kay Kn\u00f6bel<\/strong><br \/>Region: Eastern Germany<\/p><p>Phone <a href=\"tel:+4915116158564\">+49 151 16158564<\/a><br \/><a href=\"mailto:k.knoebel@isoflanges.de\">k.knoebel@isoflanges.de<\/a><\/p><p>Responsible for the postcode areas: <br \/>0 \/ 1 \/ 39 \/ 98 \/ 99<\/p>\t\t\t\t\t\t\t\t<\/div>\n\t\t\t\t<\/div>\n\t\t\t\t<\/div>\n\t\t<div class=\"elementor-element elementor-element-45b65f7 e-con-full e-flex e-con e-child\" data-id=\"45b65f7\" data-element_type=\"container\" data-e-type=\"container\">\n\t\t\t\t<div class=\"elementor-element elementor-element-63b8c827 elementor-widget elementor-widget-image\" data-id=\"63b8c827\" data-element_type=\"widget\" data-e-type=\"widget\" data-widget_type=\"image.default\">\n\t\t\t\t<div class=\"elementor-widget-container\">\n\t\t\t\t\t\t\t\t\t\t\t\t\t\t\t<img loading=\"lazy\" decoding=\"async\" width=\"150\" height=\"150\" src=\"https:\/\/www.isoflanges.de\/wp-content\/uploads\/2026\/01\/ISOflanges-Marc_Oehlmann_Aussendienst-WestD-150x150.webp\" class=\"attachment-thumbnail size-thumbnail wp-image-4709\" alt=\"Smiling man in a navy suit and light blue shirt, standing in front of a blurred white background.\" srcset=\"https:\/\/www.isoflanges.de\/wp-content\/uploads\/2026\/01\/ISOflanges-Marc_Oehlmann_Aussendienst-WestD-150x150.webp 150w, https:\/\/www.isoflanges.de\/wp-content\/uploads\/2026\/01\/ISOflanges-Marc_Oehlmann_Aussendienst-WestD-300x300.webp 300w, https:\/\/www.isoflanges.de\/wp-content\/uploads\/2026\/01\/ISOflanges-Marc_Oehlmann_Aussendienst-WestD-768x768.webp 768w, https:\/\/www.isoflanges.de\/wp-content\/uploads\/2026\/01\/ISOflanges-Marc_Oehlmann_Aussendienst-WestD.webp 800w\" sizes=\"(max-width: 150px) 100vw, 150px\" \/>\t\t\t\t\t\t\t\t\t\t\t\t\t\t\t<\/div>\n\t\t\t\t<\/div>\n\t\t\t\t<div class=\"elementor-element elementor-element-5f578fa7 elementor-widget elementor-widget-text-editor\" data-id=\"5f578fa7\" data-element_type=\"widget\" data-e-type=\"widget\" data-widget_type=\"text-editor.default\">\n\t\t\t\t<div class=\"elementor-widget-container\">\n\t\t\t\t\t\t\t\t\t<p><strong>Marc Oehlmann<\/strong><br \/>Region: Western Germany<\/p><p>Phone <a href=\"tel:+4951439234913\">+49 5143 92349 \u2013 13<\/a><br \/>Or\u00a0 <a href=\"tel:+4915116158562\">+49 151 16158562<\/a><br \/><a href=\"mailto:m.oehlmann@isoflanges.de\">m.oehlmann@isoflanges.de<\/a><\/p><p>Responsible for the postcode areas: <br \/>2 \/ 3 (without 39) \/ 4 \/ 5 (without 55)<\/p>\t\t\t\t\t\t\t\t<\/div>\n\t\t\t\t<\/div>\n\t\t\t\t<\/div>\n\t\t\t\t\t<\/div>\n\t\t\t\t<\/div>\n\t\t\t\t<\/div>\n\t\t","protected":false},"excerpt":{"rendered":"<p>DO YOU HAVE QUESTIONS ABOUT OUR PRODUCTS? Please feel free to contact us! Sales Backoffice Alexander LeunigInside Sales and Marketing Phone +49 5143 92349 &#8211; 11Head Office +49 5143 92349 &#8211; 0 a.leunig@isoflanges.de ISOflanges GmbHViehtrift 129308 WinsenGermany Phone +49 5143 92349 &#8211; 0Fax +49 05143 92349 &#8211; 49 info@isoflanges.de Sales Representatives Roland SatzingerRegion: Southern Germany [&hellip;]<\/p>\n","protected":false},"author":4,"featured_media":0,"parent":0,"menu_order":50,"comment_status":"closed","ping_status":"closed","template":"","meta":{"footnotes":""},"class_list":["post-1006","page","type-page","status-publish","hentry"],"yoast_head":"<!-- This site is optimized with the Yoast SEO plugin v27.4 - https:\/\/yoast.com\/product\/yoast-seo-wordpress\/ -->\n<title>Contact - ISOflanges: high-quality flange connections<\/title>\n<meta name=\"robots\" content=\"index, follow, max-snippet:-1, max-image-preview:large, max-video-preview:-1\" \/>\n<link rel=\"canonical\" href=\"https:\/\/www.isoflanges.de\/en\/contact\/\" \/>\n<meta property=\"og:locale\" content=\"en_US\" \/>\n<meta property=\"og:type\" content=\"article\" \/>\n<meta property=\"og:title\" content=\"Contact - ISOflanges: high-quality flange connections\" \/>\n<meta property=\"og:description\" content=\"DO YOU HAVE QUESTIONS ABOUT OUR PRODUCTS? Please feel free to contact us! Sales Backoffice Alexander LeunigInside Sales and Marketing Phone +49 5143 92349 &#8211; 11Head Office +49 5143 92349 &#8211; 0 a.leunig@isoflanges.de ISOflanges GmbHViehtrift 129308 WinsenGermany Phone +49 5143 92349 &#8211; 0Fax +49 05143 92349 &#8211; 49 info@isoflanges.de Sales Representatives Roland SatzingerRegion: Southern Germany [&hellip;]\" \/>\n<meta property=\"og:url\" content=\"https:\/\/www.isoflanges.de\/en\/contact\/\" \/>\n<meta property=\"og:site_name\" content=\"ISOflanges: high-quality flange connections\" \/>\n<meta property=\"article:modified_time\" content=\"2026-01-27T11:12:35+00:00\" \/>\n<meta property=\"og:image\" content=\"https:\/\/www.isoflanges.de\/wp-content\/uploads\/2024\/01\/kontakt_head_300.jpg\" \/>\n\t<meta property=\"og:image:width\" content=\"1920\" \/>\n\t<meta property=\"og:image:height\" content=\"300\" \/>\n\t<meta property=\"og:image:type\" content=\"image\/jpeg\" \/>\n<meta name=\"twitter:card\" content=\"summary_large_image\" \/>\n<meta name=\"twitter:label1\" content=\"Est. reading time\" \/>\n\t<meta name=\"twitter:data1\" content=\"2 minutes\" \/>\n<!-- \/ Yoast SEO plugin. -->","yoast_head_json":{"title":"Contact - ISOflanges: high-quality flange connections","robots":{"index":"index","follow":"follow","max-snippet":"max-snippet:-1","max-image-preview":"max-image-preview:large","max-video-preview":"max-video-preview:-1"},"canonical":"https:\/\/www.isoflanges.de\/en\/contact\/","og_locale":"en_US","og_type":"article","og_title":"Contact - ISOflanges: high-quality flange connections","og_description":"DO YOU HAVE QUESTIONS ABOUT OUR PRODUCTS? Please feel free to contact us! Sales Backoffice Alexander LeunigInside Sales and Marketing Phone +49 5143 92349 &#8211; 11Head Office +49 5143 92349 &#8211; 0 a.leunig@isoflanges.de ISOflanges GmbHViehtrift 129308 WinsenGermany Phone +49 5143 92349 &#8211; 0Fax +49 05143 92349 &#8211; 49 info@isoflanges.de Sales Representatives Roland SatzingerRegion: Southern Germany [&hellip;]","og_url":"https:\/\/www.isoflanges.de\/en\/contact\/","og_site_name":"ISOflanges: high-quality flange connections","article_modified_time":"2026-01-27T11:12:35+00:00","og_image":[{"width":1920,"height":300,"url":"https:\/\/www.isoflanges.de\/wp-content\/uploads\/2024\/01\/kontakt_head_300.jpg","type":"image\/jpeg"}],"twitter_card":"summary_large_image","twitter_misc":{"Est. reading time":"2 minutes"},"schema":{"@context":"https:\/\/schema.org","@graph":[{"@type":"WebPage","@id":"https:\/\/www.isoflanges.de\/en\/contact\/","url":"https:\/\/www.isoflanges.de\/en\/contact\/","name":"Contact - ISOflanges: high-quality flange connections","isPartOf":{"@id":"https:\/\/www.isoflanges.de\/en\/#website"},"primaryImageOfPage":{"@id":"https:\/\/www.isoflanges.de\/en\/contact\/#primaryimage"},"image":{"@id":"https:\/\/www.isoflanges.de\/en\/contact\/#primaryimage"},"thumbnailUrl":"https:\/\/www.isoflanges.de\/wp-content\/uploads\/2024\/01\/kontakt_head_300.jpg","datePublished":"2022-07-06T07:24:31+00:00","dateModified":"2026-01-27T11:12:35+00:00","breadcrumb":{"@id":"https:\/\/www.isoflanges.de\/en\/contact\/#breadcrumb"},"inLanguage":"en-US","potentialAction":[{"@type":"ReadAction","target":["https:\/\/www.isoflanges.de\/en\/contact\/"]}]},{"@type":"ImageObject","inLanguage":"en-US","@id":"https:\/\/www.isoflanges.de\/en\/contact\/#primaryimage","url":"https:\/\/www.isoflanges.de\/wp-content\/uploads\/2024\/01\/kontakt_head_300.jpg","contentUrl":"https:\/\/www.isoflanges.de\/wp-content\/uploads\/2024\/01\/kontakt_head_300.jpg"},{"@type":"BreadcrumbList","@id":"https:\/\/www.isoflanges.de\/en\/contact\/#breadcrumb","itemListElement":[{"@type":"ListItem","position":1,"name":"Startseite","item":"https:\/\/www.isoflanges.de\/en\/"},{"@type":"ListItem","position":2,"name":"Contact"}]},{"@type":"WebSite","@id":"https:\/\/www.isoflanges.de\/en\/#website","url":"https:\/\/www.isoflanges.de\/en\/","name":"ISOflanges","description":"Manufacturer of high-quality flange connections","publisher":{"@id":"https:\/\/www.isoflanges.de\/en\/#organization"},"potentialAction":[{"@type":"SearchAction","target":{"@type":"EntryPoint","urlTemplate":"https:\/\/www.isoflanges.de\/en\/?s={search_term_string}"},"query-input":{"@type":"PropertyValueSpecification","valueRequired":true,"valueName":"search_term_string"}}],"inLanguage":"en-US"},{"@type":"Organization","@id":"https:\/\/www.isoflanges.de\/en\/#organization","name":"ISOflanges","url":"https:\/\/www.isoflanges.de\/en\/","logo":{"@type":"ImageObject","inLanguage":"en-US","@id":"https:\/\/www.isoflanges.de\/en\/#\/schema\/logo\/image\/","url":"https:\/\/www.isoflanges.de\/wp-content\/uploads\/2022\/07\/isoflanges-logo.png","contentUrl":"https:\/\/www.isoflanges.de\/wp-content\/uploads\/2022\/07\/isoflanges-logo.png","width":138,"height":89,"caption":"ISOflanges"},"image":{"@id":"https:\/\/www.isoflanges.de\/en\/#\/schema\/logo\/image\/"}}]}},"_links":{"self":[{"href":"https:\/\/www.isoflanges.de\/en\/wp-json\/wp\/v2\/pages\/1006","targetHints":{"allow":["GET"]}}],"collection":[{"href":"https:\/\/www.isoflanges.de\/en\/wp-json\/wp\/v2\/pages"}],"about":[{"href":"https:\/\/www.isoflanges.de\/en\/wp-json\/wp\/v2\/types\/page"}],"author":[{"embeddable":true,"href":"https:\/\/www.isoflanges.de\/en\/wp-json\/wp\/v2\/users\/4"}],"replies":[{"embeddable":true,"href":"https:\/\/www.isoflanges.de\/en\/wp-json\/wp\/v2\/comments?post=1006"}],"version-history":[{"count":66,"href":"https:\/\/www.isoflanges.de\/en\/wp-json\/wp\/v2\/pages\/1006\/revisions"}],"predecessor-version":[{"id":4767,"href":"https:\/\/www.isoflanges.de\/en\/wp-json\/wp\/v2\/pages\/1006\/revisions\/4767"}],"wp:attachment":[{"href":"https:\/\/www.isoflanges.de\/en\/wp-json\/wp\/v2\/media?parent=1006"}],"curies":[{"name":"wp","href":"https:\/\/api.w.org\/{rel}","templated":true}]}}